{"id":135,"date":"2020-10-10T14:33:56","date_gmt":"2020-10-10T17:33:56","guid":{"rendered":"https:\/\/nutriznutricao.com.br\/?page_id=135"},"modified":"2022-09-13T20:15:08","modified_gmt":"2022-09-13T23:15:08","slug":"ovinos","status":"publish","type":"page","link":"https:\/\/nutriznutricao.com.br\/?page_id=135","title":{"rendered":"Linha Ovinos"},"content":{"rendered":"\t\t<div data-elementor-type=\"wp-page\" data-elementor-id=\"135\" class=\"elementor elementor-135\" data-elementor-post-type=\"page\">\n\t\t\t\t\t\t<section class=\"elementor-section elementor-top-section elementor-element elementor-element-28db36f1 elementor-section-stretched elementor-section-boxed elementor-section-height-default elementor-section-height-default\" data-id=\"28db36f1\" data-element_type=\"section\" data-e-type=\"section\" data-settings=\"{&quot;stretch_section&quot;:&quot;section-stretched&quot;,&quot;ekit_has_onepagescroll_dot&quot;:&quot;yes&quot;}\">\n\t\t\t\t\t\t<div class=\"elementor-container elementor-column-gap-default\">\n\t\t\t\t\t<div class=\"elementor-column elementor-col-100 elementor-top-column elementor-element elementor-element-3f24e96c\" data-id=\"3f24e96c\" data-element_type=\"column\" data-e-type=\"column\">\n\t\t\t<div class=\"elementor-widget-wrap elementor-element-populated\">\n\t\t\t\t\t\t<div class=\"elementor-element elementor-element-53904695 elementor-view-stacked elementor-shape-square elementor-position-inline-start elementor-mobile-position-inline-start elementor-widget elementor-widget-icon-box\" data-id=\"53904695\" data-element_type=\"widget\" data-e-type=\"widget\" data-settings=\"{&quot;ekit_we_effect_on&quot;:&quot;none&quot;}\" data-widget_type=\"icon-box.default\">\n\t\t\t\t<div class=\"elementor-widget-container\">\n\t\t\t\t\t\t\t<div class=\"elementor-icon-box-wrapper\">\n\n\t\t\t\t\t\t<div class=\"elementor-icon-box-icon\">\n\t\t\t\t<span  class=\"elementor-icon\">\n\t\t\t\t<svg xmlns=\"http:\/\/www.w3.org\/2000\/svg\" xmlns:xlink=\"http:\/\/www.w3.org\/1999\/xlink\" id=\"Camada_1\" x=\"0px\" y=\"0px\" width=\"250px\" height=\"250px\" viewBox=\"0 0 250 250\" style=\"enable-background:new 0 0 250 250;\" xml:space=\"preserve\"> <style type=\"text\/css\"> .st0{fill:#78853C;} .st1{fill-rule:evenodd;clip-rule:evenodd;fill:#78853C;} <\/style> <path class=\"st0\" d=\"M150,186.8c0,7.3-0.1,13.2,0.1,19c0.1,2.4,3,5.5-1.7,6.3c-3.9,0.6-8.1,0.6-8.6-4.9c-0.7-8.1-1-16.2-1.4-24.3 c-0.2-4.5-0.2-9-0.1-13.5c0.1-4.9-2.6-7.2-7.1-7.1c-12.4,0.2-24.8,0.3-37.1,1.2c-8.3,0.6-14.6,10.2-14.4,21.7 c0.1,6.9,0.6,14,3.1,20.6c0.8,2.1,3.2,4.9-0.7,6c-3.1,0.9-7,1.6-8.8-2.5c-0.9-2-1.2-4.3-1.7-6.5c-2.4-11-4.6-22-3.7-34.1 c-8.1,3.2-10.8,9.7-12.9,16.2c-2.2,6.7-2,13.8-0.8,20.7c0.4,2.4,2.7,5.6-1.8,6.4c-4,0.7-8.2,0.5-8.5-4.9 c-0.6-10.5-1.9-21.2,0.7-31.6c1-3.9,1-7.3-0.1-11.2c-4-13.6-5-27.6-3.4-41.5c2.3-20.7,14-31.4,36.4-34.4c13.9-1.9,27.8-1.8,41.8-0.5 c8.1,0.7,16.2,0.6,24.3,0.2c7.6-0.3,13.4-4,18-10.5c7.8-11,19.2-16,32.5-14.8c9.5,0.9,18,5.5,26.2,10.4c2.8,1.6,3.9,4.3,3.4,7.5 c-0.5,3.5-1.8,6.6-5.6,7.8c-2.1,0.7-4.4,1.1-6.6,1.6c-5,1.1-8.7,2.9-8.4,9.2c0.1,2.7-1.3,5.8-2.8,8.2c-4.9,8.3-7.2,17.5-9.8,26.5 c-3.7,12.7-10.8,22.7-22.5,29.2c-3.5,1.9-4.4,4.9-4.8,8.4c-1.5,12.1-3,24.2,0.1,36.2c0.6,2.4,0,4-2.7,4.2c-3.4,0.2-7.2,0.6-7.9-4.1 C151.8,201.4,151,194.7,150,186.8z\"><\/path> <\/svg>\t\t\t\t<\/span>\n\t\t\t<\/div>\n\t\t\t\n\t\t\t\t\t\t<div class=\"elementor-icon-box-content\">\n\n\t\t\t\t\t\t\t\t\t<h3 class=\"elementor-icon-box-title\">\n\t\t\t\t\t\t<span  >\n\t\t\t\t\t\t\tLinha Ov\u00ednos\t\t\t\t\t\t<\/span>\n\t\t\t\t\t<\/h3>\n\t\t\t\t\n\t\t\t\t\n\t\t\t<\/div>\n\t\t\t\n\t\t<\/div>\n\t\t\t\t\t\t<\/div>\n\t\t\t\t<\/div>\n\t\t\t\t\t<\/div>\n\t\t<\/div>\n\t\t\t\t\t<\/div>\n\t\t<\/section>\n\t\t\t\t<section class=\"elementor-section elementor-top-section elementor-element elementor-element-72917a72 elementor-section-boxed elementor-section-height-default elementor-section-height-default\" data-id=\"72917a72\" data-element_type=\"section\" data-e-type=\"section\" data-settings=\"{&quot;ekit_has_onepagescroll_dot&quot;:&quot;yes&quot;}\">\n\t\t\t\t\t\t<div class=\"elementor-container elementor-column-gap-default\">\n\t\t\t\t\t<div class=\"elementor-column elementor-col-100 elementor-top-column elementor-element elementor-element-1b8a98c6\" data-id=\"1b8a98c6\" data-element_type=\"column\" data-e-type=\"column\">\n\t\t\t<div class=\"elementor-widget-wrap elementor-element-populated\">\n\t\t\t\t\t\t<div class=\"elementor-element elementor-element-5f15be4f elementor-widget elementor-widget-elementskit-blog-posts\" data-id=\"5f15be4f\" data-element_type=\"widget\" data-e-type=\"widget\" data-settings=\"{&quot;ekit_we_effect_on&quot;:&quot;none&quot;}\" data-widget_type=\"elementskit-blog-posts.default\">\n\t\t\t\t<div class=\"elementor-widget-container\">\n\t\t\t\t\t<div class=\"ekit-wid-con\" >\n        <div id=\"post-items--5f15be4f\" class=\"row post-items ekit-blog-posts-content\" data-enable=\"no\">\n\n\t\t\t<!-- Blog Carousel markup render -->\n\t\t\t\n\n            <div class=\"col-md-12\">\n\n                                    <div class=\"elementskit-blog-block-post\">\n                        <div class=\"row no-gutters\">\n                                                            <div class=\"col-md-6 order-1\">\n                                    <a href=\"https:\/\/nutriznutricao.com.br\/?p=1374\" class=\"elementskit-entry-thumb\">\n                                        <img decoding=\"async\" src=\"https:\/\/nutriznutricao.com.br\/wp-content\/uploads\/2022\/09\/Ovinos_Confinamento_Nutriz.jpg\" alt=\"Ovinos confinamento\">\n                                    <\/a><!-- .elementskit-entry-thumb END -->\n                                <\/div>\n                            \n                            <div class=\"col-md-6 order-2\">\n                                <div class=\"elementskit-post-body \">\n                                    <div class=\"elementskit-entry-header\">\n                                        \n                                                                                                                                        \n                                            \n                                                                                                            <h2 class=\"entry-title\">\n                    <a href=\"https:\/\/nutriznutricao.com.br\/?p=1374\">\n                            Ovinos confinamento                    <\/a>\n                <\/h2>\n                                                                                                <\/div><!-- .elementskit-entry-header END -->\n\n                                                                            <div class=\"elementskit-post-footer\">\n                                                                                            <p>Ovinos Confinamento Ovinos em semiconfinamento ou confinamento total Vitaminas e minerais Amino\u00e1cidos balanceados Fonte de c\u00e1lcio COMPRAR Ovinos peso l\u00edquido 30 kg Melhores resultados na produ\u00e7\u00e3o de carne, leite e no alcance de indicadores zoot\u00e9cnicos, como ganho de peso. Indica\u00e7\u00e3o Ra\u00e7\u00e3o de pronto uso Indicada para uso na termina\u00e7\u00e3o intensiva de borregos e borregas prepara\u00e7\u00e3o [&hellip;] <\/p>\n                                                                                                                                <\/div><!-- .elementskit-post-footer END -->\n                                                                    <\/div><!-- .elementskit-post-body END -->\n                            <\/div>\n                        <\/div>\n                    <\/div><!-- .elementskit-blog-block-post .radius .gradient-bg END -->\n                \n            <\/div>\t\t\t\t        <\/div>\n        \n        \n        <\/div>\t\t\t\t<\/div>\n\t\t\t\t<\/div>\n\t\t\t\t<div class=\"elementor-element elementor-element-418a3641 elementor-align-center elementor-widget elementor-widget-button\" data-id=\"418a3641\" data-element_type=\"widget\" data-e-type=\"widget\" data-settings=\"{&quot;ekit_we_effect_on&quot;:&quot;none&quot;}\" data-widget_type=\"button.default\">\n\t\t\t\t<div class=\"elementor-widget-container\">\n\t\t\t\t\t\t\t\t\t<div class=\"elementor-button-wrapper\">\n\t\t\t\t\t<a class=\"elementor-button elementor-button-link elementor-size-sm\" href=\"https:\/\/wa.me\/message\/SAX3MRPOM5PKD1\">\n\t\t\t\t\t\t<span class=\"elementor-button-content-wrapper\">\n\t\t\t\t\t\t\t\t\t<span class=\"elementor-button-text\">MAIS INFORMA\u00c7\u00d5ES ENTRE  EM CONTATO<\/span>\n\t\t\t\t\t<\/span>\n\t\t\t\t\t<\/a>\n\t\t\t\t<\/div>\n\t\t\t\t\t\t\t\t<\/div>\n\t\t\t\t<\/div>\n\t\t\t\t\t<\/div>\n\t\t<\/div>\n\t\t\t\t\t<\/div>\n\t\t<\/section>\n\t\t\t\t<\/div>\n\t\t","protected":false},"excerpt":{"rendered":"<p>Linha Ov\u00ednos Ovinos confinamento Ovinos Confinamento Ovinos em semiconfinamento ou confinamento total Vitaminas e minerais Amino\u00e1cidos balanceados Fonte de c\u00e1lcio COMPRAR Ovinos peso l\u00edquido 40 KG Melhores resultados na produ\u00e7\u00e3o de carne, leite e no alcance de indicadores zoot\u00e9cnicos, como ganho de peso. Indica\u00e7\u00e3o Ra\u00e7\u00e3o de pronto uso Indicada para uso na termina\u00e7\u00e3o intensiva de [&hellip;] <\/p>\n","protected":false},"author":1,"featured_media":0,"parent":0,"menu_order":0,"comment_status":"closed","ping_status":"closed","template":"elementor_header_footer","meta":{"inline_featured_image":false,"footnotes":""},"class_list":["post-135","page","type-page","status-publish","hentry"],"yoast_head":"<!-- This site is optimized with the Yoast SEO plugin v27.4 - https:\/\/yoast.com\/product\/yoast-seo-wordpress\/ -->\n<title>Linha Ovinos - Nutriz<\/title>\n<meta name=\"robots\" content=\"index, follow, max-snippet:-1, max-image-preview:large, max-video-preview:-1\" \/>\n<link rel=\"canonical\" href=\"https:\/\/nutriznutricao.com.br\/?page_id=135\" \/>\n<meta property=\"og:locale\" content=\"pt_BR\" \/>\n<meta property=\"og:type\" content=\"article\" \/>\n<meta property=\"og:title\" content=\"Linha Ovinos - Nutriz\" \/>\n<meta property=\"og:description\" content=\"Linha Ov\u00ednos Ovinos confinamento Ovinos Confinamento Ovinos em semiconfinamento ou confinamento total Vitaminas e minerais Amino\u00e1cidos balanceados Fonte de c\u00e1lcio COMPRAR Ovinos peso l\u00edquido 40 KG Melhores resultados na produ\u00e7\u00e3o de carne, leite e no alcance de indicadores zoot\u00e9cnicos, como ganho de peso. Indica\u00e7\u00e3o Ra\u00e7\u00e3o de pronto uso Indicada para uso na termina\u00e7\u00e3o intensiva de [&hellip;]\" \/>\n<meta property=\"og:url\" content=\"https:\/\/nutriznutricao.com.br\/?page_id=135\" \/>\n<meta property=\"og:site_name\" content=\"Nutriz\" \/>\n<meta property=\"article:modified_time\" content=\"2022-09-13T23:15:08+00:00\" \/>\n<meta property=\"og:image\" content=\"http:\/\/nutriznutricao.com.br\/wp-content\/uploads\/2022\/09\/Ovinos_Confinamento_Nutriz.jpg\" \/>\n<meta name=\"twitter:card\" content=\"summary_large_image\" \/>\n<meta name=\"twitter:label1\" content=\"Est. tempo de leitura\" \/>\n\t<meta name=\"twitter:data1\" content=\"1 minuto\" \/>\n<script type=\"application\/ld+json\" class=\"yoast-schema-graph\">{\"@context\":\"https:\\\/\\\/schema.org\",\"@graph\":[{\"@type\":\"WebPage\",\"@id\":\"https:\\\/\\\/nutriznutricao.com.br\\\/?page_id=135\",\"url\":\"https:\\\/\\\/nutriznutricao.com.br\\\/?page_id=135\",\"name\":\"Linha Ovinos - Nutriz\",\"isPartOf\":{\"@id\":\"https:\\\/\\\/nutriznutricao.com.br\\\/#website\"},\"primaryImageOfPage\":{\"@id\":\"https:\\\/\\\/nutriznutricao.com.br\\\/?page_id=135#primaryimage\"},\"image\":{\"@id\":\"https:\\\/\\\/nutriznutricao.com.br\\\/?page_id=135#primaryimage\"},\"thumbnailUrl\":\"http:\\\/\\\/nutriznutricao.com.br\\\/wp-content\\\/uploads\\\/2022\\\/09\\\/Ovinos_Confinamento_Nutriz.jpg\",\"datePublished\":\"2020-10-10T17:33:56+00:00\",\"dateModified\":\"2022-09-13T23:15:08+00:00\",\"breadcrumb\":{\"@id\":\"https:\\\/\\\/nutriznutricao.com.br\\\/?page_id=135#breadcrumb\"},\"inLanguage\":\"pt-BR\",\"potentialAction\":[{\"@type\":\"ReadAction\",\"target\":[\"https:\\\/\\\/nutriznutricao.com.br\\\/?page_id=135\"]}]},{\"@type\":\"ImageObject\",\"inLanguage\":\"pt-BR\",\"@id\":\"https:\\\/\\\/nutriznutricao.com.br\\\/?page_id=135#primaryimage\",\"url\":\"http:\\\/\\\/nutriznutricao.com.br\\\/wp-content\\\/uploads\\\/2022\\\/09\\\/Ovinos_Confinamento_Nutriz.jpg\",\"contentUrl\":\"http:\\\/\\\/nutriznutricao.com.br\\\/wp-content\\\/uploads\\\/2022\\\/09\\\/Ovinos_Confinamento_Nutriz.jpg\"},{\"@type\":\"BreadcrumbList\",\"@id\":\"https:\\\/\\\/nutriznutricao.com.br\\\/?page_id=135#breadcrumb\",\"itemListElement\":[{\"@type\":\"ListItem\",\"position\":1,\"name\":\"In\u00edcio\",\"item\":\"https:\\\/\\\/nutriznutricao.com.br\\\/\"},{\"@type\":\"ListItem\",\"position\":2,\"name\":\"Linha Ovinos\"}]},{\"@type\":\"WebSite\",\"@id\":\"https:\\\/\\\/nutriznutricao.com.br\\\/#website\",\"url\":\"https:\\\/\\\/nutriznutricao.com.br\\\/\",\"name\":\"Nutriz\",\"description\":\"Nutri\u00e7\u00e3o Animal\",\"publisher\":{\"@id\":\"https:\\\/\\\/nutriznutricao.com.br\\\/#organization\"},\"potentialAction\":[{\"@type\":\"SearchAction\",\"target\":{\"@type\":\"EntryPoint\",\"urlTemplate\":\"https:\\\/\\\/nutriznutricao.com.br\\\/?s={search_term_string}\"},\"query-input\":{\"@type\":\"PropertyValueSpecification\",\"valueRequired\":true,\"valueName\":\"search_term_string\"}}],\"inLanguage\":\"pt-BR\"},{\"@type\":\"Organization\",\"@id\":\"https:\\\/\\\/nutriznutricao.com.br\\\/#organization\",\"name\":\"Nutriz Nutri\u00e7\u00e3o Animal\",\"url\":\"https:\\\/\\\/nutriznutricao.com.br\\\/\",\"logo\":{\"@type\":\"ImageObject\",\"inLanguage\":\"pt-BR\",\"@id\":\"https:\\\/\\\/nutriznutricao.com.br\\\/#\\\/schema\\\/logo\\\/image\\\/\",\"url\":\"https:\\\/\\\/nutriznutricao.com.br\\\/wp-content\\\/uploads\\\/2022\\\/08\\\/Nutriz_Nutricao.webp\",\"contentUrl\":\"https:\\\/\\\/nutriznutricao.com.br\\\/wp-content\\\/uploads\\\/2022\\\/08\\\/Nutriz_Nutricao.webp\",\"width\":298,\"height\":150,\"caption\":\"Nutriz Nutri\u00e7\u00e3o Animal\"},\"image\":{\"@id\":\"https:\\\/\\\/nutriznutricao.com.br\\\/#\\\/schema\\\/logo\\\/image\\\/\"}}]}<\/script>\n<!-- \/ Yoast SEO plugin. -->","yoast_head_json":{"title":"Linha Ovinos - Nutriz","robots":{"index":"index","follow":"follow","max-snippet":"max-snippet:-1","max-image-preview":"max-image-preview:large","max-video-preview":"max-video-preview:-1"},"canonical":"https:\/\/nutriznutricao.com.br\/?page_id=135","og_locale":"pt_BR","og_type":"article","og_title":"Linha Ovinos - Nutriz","og_description":"Linha Ov\u00ednos Ovinos confinamento Ovinos Confinamento Ovinos em semiconfinamento ou confinamento total Vitaminas e minerais Amino\u00e1cidos balanceados Fonte de c\u00e1lcio COMPRAR Ovinos peso l\u00edquido 40 KG Melhores resultados na produ\u00e7\u00e3o de carne, leite e no alcance de indicadores zoot\u00e9cnicos, como ganho de peso. Indica\u00e7\u00e3o Ra\u00e7\u00e3o de pronto uso Indicada para uso na termina\u00e7\u00e3o intensiva de [&hellip;]","og_url":"https:\/\/nutriznutricao.com.br\/?page_id=135","og_site_name":"Nutriz","article_modified_time":"2022-09-13T23:15:08+00:00","og_image":[{"url":"http:\/\/nutriznutricao.com.br\/wp-content\/uploads\/2022\/09\/Ovinos_Confinamento_Nutriz.jpg","type":"","width":"","height":""}],"twitter_card":"summary_large_image","twitter_misc":{"Est. tempo de leitura":"1 minuto"},"schema":{"@context":"https:\/\/schema.org","@graph":[{"@type":"WebPage","@id":"https:\/\/nutriznutricao.com.br\/?page_id=135","url":"https:\/\/nutriznutricao.com.br\/?page_id=135","name":"Linha Ovinos - Nutriz","isPartOf":{"@id":"https:\/\/nutriznutricao.com.br\/#website"},"primaryImageOfPage":{"@id":"https:\/\/nutriznutricao.com.br\/?page_id=135#primaryimage"},"image":{"@id":"https:\/\/nutriznutricao.com.br\/?page_id=135#primaryimage"},"thumbnailUrl":"http:\/\/nutriznutricao.com.br\/wp-content\/uploads\/2022\/09\/Ovinos_Confinamento_Nutriz.jpg","datePublished":"2020-10-10T17:33:56+00:00","dateModified":"2022-09-13T23:15:08+00:00","breadcrumb":{"@id":"https:\/\/nutriznutricao.com.br\/?page_id=135#breadcrumb"},"inLanguage":"pt-BR","potentialAction":[{"@type":"ReadAction","target":["https:\/\/nutriznutricao.com.br\/?page_id=135"]}]},{"@type":"ImageObject","inLanguage":"pt-BR","@id":"https:\/\/nutriznutricao.com.br\/?page_id=135#primaryimage","url":"http:\/\/nutriznutricao.com.br\/wp-content\/uploads\/2022\/09\/Ovinos_Confinamento_Nutriz.jpg","contentUrl":"http:\/\/nutriznutricao.com.br\/wp-content\/uploads\/2022\/09\/Ovinos_Confinamento_Nutriz.jpg"},{"@type":"BreadcrumbList","@id":"https:\/\/nutriznutricao.com.br\/?page_id=135#breadcrumb","itemListElement":[{"@type":"ListItem","position":1,"name":"In\u00edcio","item":"https:\/\/nutriznutricao.com.br\/"},{"@type":"ListItem","position":2,"name":"Linha Ovinos"}]},{"@type":"WebSite","@id":"https:\/\/nutriznutricao.com.br\/#website","url":"https:\/\/nutriznutricao.com.br\/","name":"Nutriz","description":"Nutri\u00e7\u00e3o Animal","publisher":{"@id":"https:\/\/nutriznutricao.com.br\/#organization"},"potentialAction":[{"@type":"SearchAction","target":{"@type":"EntryPoint","urlTemplate":"https:\/\/nutriznutricao.com.br\/?s={search_term_string}"},"query-input":{"@type":"PropertyValueSpecification","valueRequired":true,"valueName":"search_term_string"}}],"inLanguage":"pt-BR"},{"@type":"Organization","@id":"https:\/\/nutriznutricao.com.br\/#organization","name":"Nutriz Nutri\u00e7\u00e3o Animal","url":"https:\/\/nutriznutricao.com.br\/","logo":{"@type":"ImageObject","inLanguage":"pt-BR","@id":"https:\/\/nutriznutricao.com.br\/#\/schema\/logo\/image\/","url":"https:\/\/nutriznutricao.com.br\/wp-content\/uploads\/2022\/08\/Nutriz_Nutricao.webp","contentUrl":"https:\/\/nutriznutricao.com.br\/wp-content\/uploads\/2022\/08\/Nutriz_Nutricao.webp","width":298,"height":150,"caption":"Nutriz Nutri\u00e7\u00e3o Animal"},"image":{"@id":"https:\/\/nutriznutricao.com.br\/#\/schema\/logo\/image\/"}}]}},"_links":{"self":[{"href":"https:\/\/nutriznutricao.com.br\/index.php?rest_route=\/wp\/v2\/pages\/135","targetHints":{"allow":["GET"]}}],"collection":[{"href":"https:\/\/nutriznutricao.com.br\/index.php?rest_route=\/wp\/v2\/pages"}],"about":[{"href":"https:\/\/nutriznutricao.com.br\/index.php?rest_route=\/wp\/v2\/types\/page"}],"author":[{"embeddable":true,"href":"https:\/\/nutriznutricao.com.br\/index.php?rest_route=\/wp\/v2\/users\/1"}],"replies":[{"embeddable":true,"href":"https:\/\/nutriznutricao.com.br\/index.php?rest_route=%2Fwp%2Fv2%2Fcomments&post=135"}],"version-history":[{"count":4,"href":"https:\/\/nutriznutricao.com.br\/index.php?rest_route=\/wp\/v2\/pages\/135\/revisions"}],"predecessor-version":[{"id":1542,"href":"https:\/\/nutriznutricao.com.br\/index.php?rest_route=\/wp\/v2\/pages\/135\/revisions\/1542"}],"wp:attachment":[{"href":"https:\/\/nutriznutricao.com.br\/index.php?rest_route=%2Fwp%2Fv2%2Fmedia&parent=135"}],"curies":[{"name":"wp","href":"https:\/\/api.w.org\/{rel}","templated":true}]}}