{"id":141,"date":"2020-10-10T14:34:50","date_gmt":"2020-10-10T17:34:50","guid":{"rendered":"https:\/\/nutriznutricao.com.br\/?page_id=141"},"modified":"2022-09-13T20:07:08","modified_gmt":"2022-09-13T23:07:08","slug":"suinos","status":"publish","type":"page","link":"https:\/\/nutriznutricao.com.br\/?page_id=141","title":{"rendered":"Linha Su\u00ednos"},"content":{"rendered":"\t\t<div data-elementor-type=\"wp-page\" data-elementor-id=\"141\" class=\"elementor elementor-141\" data-elementor-post-type=\"page\">\n\t\t\t\t\t\t<section class=\"elementor-section elementor-top-section elementor-element elementor-element-824d153 elementor-section-stretched elementor-section-boxed elementor-section-height-default elementor-section-height-default\" data-id=\"824d153\" data-element_type=\"section\" data-e-type=\"section\" data-settings=\"{&quot;stretch_section&quot;:&quot;section-stretched&quot;,&quot;ekit_has_onepagescroll_dot&quot;:&quot;yes&quot;}\">\n\t\t\t\t\t\t<div class=\"elementor-container elementor-column-gap-default\">\n\t\t\t\t\t<div class=\"elementor-column elementor-col-100 elementor-top-column elementor-element elementor-element-2b369d7\" data-id=\"2b369d7\" data-element_type=\"column\" data-e-type=\"column\">\n\t\t\t<div class=\"elementor-widget-wrap elementor-element-populated\">\n\t\t\t\t\t\t<div class=\"elementor-element elementor-element-3e7f94f elementor-view-stacked elementor-shape-square elementor-position-inline-start elementor-mobile-position-inline-start elementor-widget elementor-widget-icon-box\" data-id=\"3e7f94f\" data-element_type=\"widget\" data-e-type=\"widget\" data-settings=\"{&quot;ekit_we_effect_on&quot;:&quot;none&quot;}\" data-widget_type=\"icon-box.default\">\n\t\t\t\t<div class=\"elementor-widget-container\">\n\t\t\t\t\t\t\t<div class=\"elementor-icon-box-wrapper\">\n\n\t\t\t\t\t\t<div class=\"elementor-icon-box-icon\">\n\t\t\t\t<span  class=\"elementor-icon\">\n\t\t\t\t<svg xmlns=\"http:\/\/www.w3.org\/2000\/svg\" xmlns:xlink=\"http:\/\/www.w3.org\/1999\/xlink\" id=\"Camada_1\" x=\"0px\" y=\"0px\" width=\"250px\" height=\"250px\" viewBox=\"0 0 250 250\" style=\"enable-background:new 0 0 250 250;\" xml:space=\"preserve\"> <style type=\"text\/css\"> .st0{fill:#78853C;} .st1{fill-rule:evenodd;clip-rule:evenodd;fill:#78853C;} <\/style> <path class=\"st0\" d=\"M24.7,102.8c2.2,2.3-0.9,6.3,2.6,7.3c3.6,1,4.7-2.7,6.6-4.6c11.6-12,26.4-15.8,42.3-16.1 c23.3-0.4,46.3,3.4,69.3,6.3c17.2,2.2,34.7,3.3,51.2,9.9c4.3,1.7,8.5-1.1,12.5-2.4c6.3-2.1,10.7,1.1,8.7,7.5 c-5.4,17,4.4,26.6,16.1,35.4c1.9,1.4,3.8,2.4,3,5c-1.2,4.3-3.1,8.3-7.7,9.8c-6.7,2.2-13.7,3.3-20.8,2.9c-7.6-0.4-14.9,0.7-22.2,2.6 c-4.4,1.1-6.4,3-6.9,7.7c-1.1,10.3,0,20.2,3.4,30c0.8,2.4,4.3,5.7,0,7.3c-4.4,1.6-9.4,1.6-11.4-4.4c-2.2-6.7-3.9-13.5-7.1-19.8 c-0.8-1.7-1.7-3.4-3.3-6.5c-1.5,8.9-3.7,16-2.4,23.5c0.6,3.4,2,7-3.4,7.6c-4.7,0.6-7.6-1.3-8-6.1c-0.7-8-1.4-15.9-1.7-23.9 c-0.2-6.5-2.5-8.5-9.4-7.5c-18.5,2.7-37.2,1.9-55.6-1.3c-11.1-1.9-15.7,1.9-15.7,13.3c0,5.9,1.3,11.5,3.1,17.1 c0.8,2.6,5.1,6.1,0.4,7.8c-4.2,1.6-10,2.6-12.7-3.2c-1.6-3.5-2.2-7.4-3.3-11.1c-1.5-5.1-2.8-10.2-6.2-15.9c-5.8,7.6-6.9,15.4-5,23.9 c0.6,2.6,3.5,5.9-1.5,6.7c-3.5,0.5-9.1,2-9.6-3.4c-1.2-11.9-5.3-23.6-1.7-35.9c2.2-7.5,2.4-15.1-1.3-22.6c-4.1-8.6-4.3-17.8-1.9-27 c0.9-3.2,1.1-5.5-2-8.2C18.6,110.6,20,106.3,24.7,102.8z\"><\/path> <\/svg>\t\t\t\t<\/span>\n\t\t\t<\/div>\n\t\t\t\n\t\t\t\t\t\t<div class=\"elementor-icon-box-content\">\n\n\t\t\t\t\t\t\t\t\t<h3 class=\"elementor-icon-box-title\">\n\t\t\t\t\t\t<span  >\n\t\t\t\t\t\t\tLinha Su\u00ednos\t\t\t\t\t\t<\/span>\n\t\t\t\t\t<\/h3>\n\t\t\t\t\n\t\t\t\t\n\t\t\t<\/div>\n\t\t\t\n\t\t<\/div>\n\t\t\t\t\t\t<\/div>\n\t\t\t\t<\/div>\n\t\t\t\t\t<\/div>\n\t\t<\/div>\n\t\t\t\t\t<\/div>\n\t\t<\/section>\n\t\t\t\t<section class=\"elementor-section elementor-top-section elementor-element elementor-element-b8f5226 elementor-section-boxed elementor-section-height-default elementor-section-height-default\" data-id=\"b8f5226\" data-element_type=\"section\" data-e-type=\"section\" data-settings=\"{&quot;ekit_has_onepagescroll_dot&quot;:&quot;yes&quot;}\">\n\t\t\t\t\t\t<div class=\"elementor-container elementor-column-gap-default\">\n\t\t\t\t\t<div class=\"elementor-column elementor-col-100 elementor-top-column elementor-element elementor-element-50040bf\" data-id=\"50040bf\" data-element_type=\"column\" data-e-type=\"column\">\n\t\t\t<div class=\"elementor-widget-wrap elementor-element-populated\">\n\t\t\t\t\t\t<div class=\"elementor-element elementor-element-0d13668 elementor-widget elementor-widget-elementskit-blog-posts\" data-id=\"0d13668\" data-element_type=\"widget\" data-e-type=\"widget\" data-settings=\"{&quot;ekit_we_effect_on&quot;:&quot;none&quot;}\" data-widget_type=\"elementskit-blog-posts.default\">\n\t\t\t\t<div class=\"elementor-widget-container\">\n\t\t\t\t\t<div class=\"ekit-wid-con\" >\n        <div id=\"post-items--0d13668\" class=\"row post-items ekit-blog-posts-content\" data-enable=\"no\">\n\n\t\t\t<!-- Blog Carousel markup render -->\n\t\t\t\n\n            <div class=\"col-md-12\">\n\n                                    <div class=\"elementskit-blog-block-post\">\n                        <div class=\"row no-gutters\">\n                                                            <div class=\"col-md-6 order-1\">\n                                    <a href=\"https:\/\/nutriznutricao.com.br\/?p=1443\" class=\"elementskit-entry-thumb\">\n                                        <img decoding=\"async\" src=\"https:\/\/nutriznutricao.com.br\/wp-content\/uploads\/2022\/09\/Suinos_crescimento_NUtriz.webp\" alt=\"Su\u00ednos Crescimento\">\n                                    <\/a><!-- .elementskit-entry-thumb END -->\n                                <\/div>\n                            \n                            <div class=\"col-md-6 order-2\">\n                                <div class=\"elementskit-post-body \">\n                                    <div class=\"elementskit-entry-header\">\n                                        \n                                                                                                                                        \n                                            \n                                                                                                            <h2 class=\"entry-title\">\n                    <a href=\"https:\/\/nutriznutricao.com.br\/?p=1443\">\n                            Su\u00ednos Crescimento                    <\/a>\n                <\/h2>\n                                                                                                <\/div><!-- .elementskit-entry-header END -->\n\n                                                                            <div class=\"elementskit-post-footer\">\n                                                                                            <p>Su\u00ednos Crescimento Fase de crescimento de su\u00ednos de corte e reprodu\u00e7\u00e3o Alta qualidade e digestibilidade Vitaminas e minerais Amino\u00e1cidos balanceados COMPRAR Su\u00ednos peso l\u00edquido 30 kg\u00a0 Indica\u00e7\u00e3o Ra\u00e7\u00e3o de pronto uso usada para fase de crescimento de su\u00ednos de corte e reprodu\u00e7\u00e3o, da fase inicial at\u00e9 110 dias de vida. Composi\u00e7\u00e3o b\u00e1sica Milho Integral Mo\u00eddo [&hellip;] <\/p>\n                                                                                                                                <\/div><!-- .elementskit-post-footer END -->\n                                                                    <\/div><!-- .elementskit-post-body END -->\n                            <\/div>\n                        <\/div>\n                    <\/div><!-- .elementskit-blog-block-post .radius .gradient-bg END -->\n                \n            <\/div>\t\t\t\t\n\n            <div class=\"col-md-12\">\n\n                                    <div class=\"elementskit-blog-block-post\">\n                        <div class=\"row no-gutters\">\n                                                            <div class=\"col-md-6 order-1\">\n                                    <a href=\"https:\/\/nutriznutricao.com.br\/?p=1437\" class=\"elementskit-entry-thumb\">\n                                        <img decoding=\"async\" src=\"https:\/\/nutriznutricao.com.br\/wp-content\/uploads\/2022\/09\/Suinos_Terminacao_Nutriz.webp\" alt=\"Su\u00ednos Termina\u00e7\u00e3o\">\n                                    <\/a><!-- .elementskit-entry-thumb END -->\n                                <\/div>\n                            \n                            <div class=\"col-md-6 order-2\">\n                                <div class=\"elementskit-post-body \">\n                                    <div class=\"elementskit-entry-header\">\n                                        \n                                                                                                                                        \n                                            \n                                                                                                            <h2 class=\"entry-title\">\n                    <a href=\"https:\/\/nutriznutricao.com.br\/?p=1437\">\n                            Su\u00ednos Termina\u00e7\u00e3o                    <\/a>\n                <\/h2>\n                                                                                                <\/div><!-- .elementskit-entry-header END -->\n\n                                                                            <div class=\"elementskit-post-footer\">\n                                                                                            <p>Su\u00ednos Termina\u00e7\u00e3o Engorda final de suinos de corte Alta qualidade e digestibilidade Vitaminas e minerais Amino\u00e1cidos balanceados COMPRAR Su\u00ednos peso l\u00edquido 30 kg Indica\u00e7\u00e3o Ra\u00e7\u00e3o de pronto uso indicada para termina\u00e7\u00e3o e engorda final de suinos de corte, dos 110-120 dias de vida at\u00e9 que atinjam o peso de abate. Composi\u00e7\u00e3o b\u00e1sica Milho in\u021begral moido [&hellip;] <\/p>\n                                                                                                                                <\/div><!-- .elementskit-post-footer END -->\n                                                                    <\/div><!-- .elementskit-post-body END -->\n                            <\/div>\n                        <\/div>\n                    <\/div><!-- .elementskit-blog-block-post .radius .gradient-bg END -->\n                \n            <\/div>\t\t\t\t\n\n            <div class=\"col-md-12\">\n\n                                    <div class=\"elementskit-blog-block-post\">\n                        <div class=\"row no-gutters\">\n                                                            <div class=\"col-md-6 order-1\">\n                                    <a href=\"https:\/\/nutriznutricao.com.br\/?p=1431\" class=\"elementskit-entry-thumb\">\n                                        <img decoding=\"async\" src=\"https:\/\/nutriznutricao.com.br\/wp-content\/uploads\/2022\/09\/Suinos_lactacao_Nutriz.webp\" alt=\"Su\u00ednos Lacta\u00e7\u00e3o\">\n                                    <\/a><!-- .elementskit-entry-thumb END -->\n                                <\/div>\n                            \n                            <div class=\"col-md-6 order-2\">\n                                <div class=\"elementskit-post-body \">\n                                    <div class=\"elementskit-entry-header\">\n                                        \n                                                                                                                                        \n                                            \n                                                                                                            <h2 class=\"entry-title\">\n                    <a href=\"https:\/\/nutriznutricao.com.br\/?p=1431\">\n                            Su\u00ednos Lacta\u00e7\u00e3o                    <\/a>\n                <\/h2>\n                                                                                                <\/div><!-- .elementskit-entry-header END -->\n\n                                                                            <div class=\"elementskit-post-footer\">\n                                                                                            <p>Su\u00ednos Lacta\u00e7\u00e3o Porcas reprodutoras ap\u00f3s o parto, at\u00e9 o final da lacta\u00e7\u00e3o Alta qualidade e digestibilidade Vitaminas e minerais Amino\u00e1cidos balanceados COMPRAR Su\u00ednos peso l\u00edquido 30 kg Combina\u00e7\u00e3o de ingredientes balanceados nutricionalmente, atendendo \u00e0s exig\u00eancias essenciais dos su\u00ednos. Indica\u00e7\u00e3o Ra\u00e7\u00e3o de pronto uso destinada \u00e0 alimenta\u00e7\u00e3o de porcas reprodutoras ap\u00f3s o parto, at\u00e9 o final [&hellip;] <\/p>\n                                                                                                                                <\/div><!-- .elementskit-post-footer END -->\n                                                                    <\/div><!-- .elementskit-post-body END -->\n                            <\/div>\n                        <\/div>\n                    <\/div><!-- .elementskit-blog-block-post .radius .gradient-bg END -->\n                \n            <\/div>\t\t\t\t\n\n            <div class=\"col-md-12\">\n\n                                    <div class=\"elementskit-blog-block-post\">\n                        <div class=\"row no-gutters\">\n                                                            <div class=\"col-md-6 order-1\">\n                                    <a href=\"https:\/\/nutriznutricao.com.br\/?p=1422\" class=\"elementskit-entry-thumb\">\n                                        <img decoding=\"async\" src=\"https:\/\/nutriznutricao.com.br\/wp-content\/uploads\/2022\/09\/Suinos_inicial_Nutriz.webp\" alt=\"Su\u00ednos Inicial\">\n                                    <\/a><!-- .elementskit-entry-thumb END -->\n                                <\/div>\n                            \n                            <div class=\"col-md-6 order-2\">\n                                <div class=\"elementskit-post-body \">\n                                    <div class=\"elementskit-entry-header\">\n                                        \n                                                                                                                                        \n                                            \n                                                                                                            <h2 class=\"entry-title\">\n                    <a href=\"https:\/\/nutriznutricao.com.br\/?p=1422\">\n                            Su\u00ednos Inicial                    <\/a>\n                <\/h2>\n                                                                                                <\/div><!-- .elementskit-entry-header END -->\n\n                                                                            <div class=\"elementskit-post-footer\">\n                                                                                            <p>Su\u00ednos Inicial Alimenta\u00e7\u00e3o inicial de leit\u00f5es Alta qualidade e digestibilidade Vitaminas e minerais Amino\u00e1cidos balanceados COMPRAR Su\u00ednos peso l\u00edquido 20 kg, 30 kg e 40 kg Indica\u00e7\u00e3o Ra\u00e7\u00e3o de pronto uso destinada para alimenta\u00e7\u00e3o inicial de leit\u00f5es, at\u00e9 os 70 dias de vida. Composi\u00e7\u00e3o b\u00e1sica Milho integral moido (Bacillus thuringiensis, Streptomices viridochromogenes), Farelo de soja [&hellip;] <\/p>\n                                                                                                                                <\/div><!-- .elementskit-post-footer END -->\n                                                                    <\/div><!-- .elementskit-post-body END -->\n                            <\/div>\n                        <\/div>\n                    <\/div><!-- .elementskit-blog-block-post .radius .gradient-bg END -->\n                \n            <\/div>\t\t\t\t        <\/div>\n        \n        \n        <\/div>\t\t\t\t<\/div>\n\t\t\t\t<\/div>\n\t\t\t\t<div class=\"elementor-element elementor-element-f9f6744 elementor-align-center elementor-widget elementor-widget-button\" data-id=\"f9f6744\" data-element_type=\"widget\" data-e-type=\"widget\" data-settings=\"{&quot;ekit_we_effect_on&quot;:&quot;none&quot;}\" data-widget_type=\"button.default\">\n\t\t\t\t<div class=\"elementor-widget-container\">\n\t\t\t\t\t\t\t\t\t<div class=\"elementor-button-wrapper\">\n\t\t\t\t\t<a class=\"elementor-button elementor-button-link elementor-size-sm\" href=\"https:\/\/wa.me\/message\/SAX3MRPOM5PKD1\">\n\t\t\t\t\t\t<span class=\"elementor-button-content-wrapper\">\n\t\t\t\t\t\t\t\t\t<span class=\"elementor-button-text\">MAIS INFORMA\u00c7\u00d5ES ENTRE  EM CONTATO<\/span>\n\t\t\t\t\t<\/span>\n\t\t\t\t\t<\/a>\n\t\t\t\t<\/div>\n\t\t\t\t\t\t\t\t<\/div>\n\t\t\t\t<\/div>\n\t\t\t\t\t<\/div>\n\t\t<\/div>\n\t\t\t\t\t<\/div>\n\t\t<\/section>\n\t\t\t\t<\/div>\n\t\t","protected":false},"excerpt":{"rendered":"<p>Linha Su\u00ednos Su\u00ednos Crescimento Su\u00ednos Crescimento Fase de crescimento de su\u00ednos de corte e reprodu\u00e7\u00e3o Alta qualidade e digestibilidade Vitaminas e minerais Amino\u00e1cidos balanceados COMPRAR Su\u00ednos peso l\u00edquido 40 KG Indica\u00e7\u00e3o Ra\u00e7\u00e3o de pronto uso usada para fase de crescimento de su\u00ednos de corte e reprodu\u00e7\u00e3o, da fase inicial at\u00e9 110 dias de vida. Composi\u00e7\u00e3o [&hellip;] <\/p>\n","protected":false},"author":1,"featured_media":0,"parent":0,"menu_order":0,"comment_status":"closed","ping_status":"closed","template":"elementor_header_footer","meta":{"inline_featured_image":false,"footnotes":""},"class_list":["post-141","page","type-page","status-publish","hentry"],"yoast_head":"<!-- This site is optimized with the Yoast SEO plugin v27.4 - https:\/\/yoast.com\/product\/yoast-seo-wordpress\/ -->\n<title>Linha Su\u00ednos - Nutriz<\/title>\n<meta name=\"robots\" content=\"index, follow, max-snippet:-1, max-image-preview:large, max-video-preview:-1\" \/>\n<link rel=\"canonical\" href=\"https:\/\/nutriznutricao.com.br\/?page_id=141\" \/>\n<meta property=\"og:locale\" content=\"pt_BR\" \/>\n<meta property=\"og:type\" content=\"article\" \/>\n<meta property=\"og:title\" content=\"Linha Su\u00ednos - Nutriz\" \/>\n<meta property=\"og:description\" content=\"Linha Su\u00ednos Su\u00ednos Crescimento Su\u00ednos Crescimento Fase de crescimento de su\u00ednos de corte e reprodu\u00e7\u00e3o Alta qualidade e digestibilidade Vitaminas e minerais Amino\u00e1cidos balanceados COMPRAR Su\u00ednos peso l\u00edquido 40 KG Indica\u00e7\u00e3o Ra\u00e7\u00e3o de pronto uso usada para fase de crescimento de su\u00ednos de corte e reprodu\u00e7\u00e3o, da fase inicial at\u00e9 110 dias de vida. Composi\u00e7\u00e3o [&hellip;]\" \/>\n<meta property=\"og:url\" content=\"https:\/\/nutriznutricao.com.br\/?page_id=141\" \/>\n<meta property=\"og:site_name\" content=\"Nutriz\" \/>\n<meta property=\"article:modified_time\" content=\"2022-09-13T23:07:08+00:00\" \/>\n<meta property=\"og:image\" content=\"http:\/\/nutriznutricao.com.br\/wp-content\/uploads\/2022\/09\/Suinos_crescimento_NUtriz.webp\" \/>\n<meta name=\"twitter:card\" content=\"summary_large_image\" \/>\n<meta name=\"twitter:label1\" content=\"Est. tempo de leitura\" \/>\n\t<meta name=\"twitter:data1\" content=\"3 minutos\" \/>\n<script type=\"application\/ld+json\" class=\"yoast-schema-graph\">{\"@context\":\"https:\\\/\\\/schema.org\",\"@graph\":[{\"@type\":\"WebPage\",\"@id\":\"https:\\\/\\\/nutriznutricao.com.br\\\/?page_id=141\",\"url\":\"https:\\\/\\\/nutriznutricao.com.br\\\/?page_id=141\",\"name\":\"Linha Su\u00ednos - Nutriz\",\"isPartOf\":{\"@id\":\"https:\\\/\\\/nutriznutricao.com.br\\\/#website\"},\"primaryImageOfPage\":{\"@id\":\"https:\\\/\\\/nutriznutricao.com.br\\\/?page_id=141#primaryimage\"},\"image\":{\"@id\":\"https:\\\/\\\/nutriznutricao.com.br\\\/?page_id=141#primaryimage\"},\"thumbnailUrl\":\"http:\\\/\\\/nutriznutricao.com.br\\\/wp-content\\\/uploads\\\/2022\\\/09\\\/Suinos_crescimento_NUtriz.webp\",\"datePublished\":\"2020-10-10T17:34:50+00:00\",\"dateModified\":\"2022-09-13T23:07:08+00:00\",\"breadcrumb\":{\"@id\":\"https:\\\/\\\/nutriznutricao.com.br\\\/?page_id=141#breadcrumb\"},\"inLanguage\":\"pt-BR\",\"potentialAction\":[{\"@type\":\"ReadAction\",\"target\":[\"https:\\\/\\\/nutriznutricao.com.br\\\/?page_id=141\"]}]},{\"@type\":\"ImageObject\",\"inLanguage\":\"pt-BR\",\"@id\":\"https:\\\/\\\/nutriznutricao.com.br\\\/?page_id=141#primaryimage\",\"url\":\"http:\\\/\\\/nutriznutricao.com.br\\\/wp-content\\\/uploads\\\/2022\\\/09\\\/Suinos_crescimento_NUtriz.webp\",\"contentUrl\":\"http:\\\/\\\/nutriznutricao.com.br\\\/wp-content\\\/uploads\\\/2022\\\/09\\\/Suinos_crescimento_NUtriz.webp\"},{\"@type\":\"BreadcrumbList\",\"@id\":\"https:\\\/\\\/nutriznutricao.com.br\\\/?page_id=141#breadcrumb\",\"itemListElement\":[{\"@type\":\"ListItem\",\"position\":1,\"name\":\"In\u00edcio\",\"item\":\"https:\\\/\\\/nutriznutricao.com.br\\\/\"},{\"@type\":\"ListItem\",\"position\":2,\"name\":\"Linha Su\u00ednos\"}]},{\"@type\":\"WebSite\",\"@id\":\"https:\\\/\\\/nutriznutricao.com.br\\\/#website\",\"url\":\"https:\\\/\\\/nutriznutricao.com.br\\\/\",\"name\":\"Nutriz\",\"description\":\"Nutri\u00e7\u00e3o Animal\",\"publisher\":{\"@id\":\"https:\\\/\\\/nutriznutricao.com.br\\\/#organization\"},\"potentialAction\":[{\"@type\":\"SearchAction\",\"target\":{\"@type\":\"EntryPoint\",\"urlTemplate\":\"https:\\\/\\\/nutriznutricao.com.br\\\/?s={search_term_string}\"},\"query-input\":{\"@type\":\"PropertyValueSpecification\",\"valueRequired\":true,\"valueName\":\"search_term_string\"}}],\"inLanguage\":\"pt-BR\"},{\"@type\":\"Organization\",\"@id\":\"https:\\\/\\\/nutriznutricao.com.br\\\/#organization\",\"name\":\"Nutriz Nutri\u00e7\u00e3o Animal\",\"url\":\"https:\\\/\\\/nutriznutricao.com.br\\\/\",\"logo\":{\"@type\":\"ImageObject\",\"inLanguage\":\"pt-BR\",\"@id\":\"https:\\\/\\\/nutriznutricao.com.br\\\/#\\\/schema\\\/logo\\\/image\\\/\",\"url\":\"https:\\\/\\\/nutriznutricao.com.br\\\/wp-content\\\/uploads\\\/2022\\\/08\\\/Nutriz_Nutricao.webp\",\"contentUrl\":\"https:\\\/\\\/nutriznutricao.com.br\\\/wp-content\\\/uploads\\\/2022\\\/08\\\/Nutriz_Nutricao.webp\",\"width\":298,\"height\":150,\"caption\":\"Nutriz Nutri\u00e7\u00e3o Animal\"},\"image\":{\"@id\":\"https:\\\/\\\/nutriznutricao.com.br\\\/#\\\/schema\\\/logo\\\/image\\\/\"}}]}<\/script>\n<!-- \/ Yoast SEO plugin. -->","yoast_head_json":{"title":"Linha Su\u00ednos - Nutriz","robots":{"index":"index","follow":"follow","max-snippet":"max-snippet:-1","max-image-preview":"max-image-preview:large","max-video-preview":"max-video-preview:-1"},"canonical":"https:\/\/nutriznutricao.com.br\/?page_id=141","og_locale":"pt_BR","og_type":"article","og_title":"Linha Su\u00ednos - Nutriz","og_description":"Linha Su\u00ednos Su\u00ednos Crescimento Su\u00ednos Crescimento Fase de crescimento de su\u00ednos de corte e reprodu\u00e7\u00e3o Alta qualidade e digestibilidade Vitaminas e minerais Amino\u00e1cidos balanceados COMPRAR Su\u00ednos peso l\u00edquido 40 KG Indica\u00e7\u00e3o Ra\u00e7\u00e3o de pronto uso usada para fase de crescimento de su\u00ednos de corte e reprodu\u00e7\u00e3o, da fase inicial at\u00e9 110 dias de vida. Composi\u00e7\u00e3o [&hellip;]","og_url":"https:\/\/nutriznutricao.com.br\/?page_id=141","og_site_name":"Nutriz","article_modified_time":"2022-09-13T23:07:08+00:00","og_image":[{"url":"http:\/\/nutriznutricao.com.br\/wp-content\/uploads\/2022\/09\/Suinos_crescimento_NUtriz.webp","type":"","width":"","height":""}],"twitter_card":"summary_large_image","twitter_misc":{"Est. tempo de leitura":"3 minutos"},"schema":{"@context":"https:\/\/schema.org","@graph":[{"@type":"WebPage","@id":"https:\/\/nutriznutricao.com.br\/?page_id=141","url":"https:\/\/nutriznutricao.com.br\/?page_id=141","name":"Linha Su\u00ednos - Nutriz","isPartOf":{"@id":"https:\/\/nutriznutricao.com.br\/#website"},"primaryImageOfPage":{"@id":"https:\/\/nutriznutricao.com.br\/?page_id=141#primaryimage"},"image":{"@id":"https:\/\/nutriznutricao.com.br\/?page_id=141#primaryimage"},"thumbnailUrl":"http:\/\/nutriznutricao.com.br\/wp-content\/uploads\/2022\/09\/Suinos_crescimento_NUtriz.webp","datePublished":"2020-10-10T17:34:50+00:00","dateModified":"2022-09-13T23:07:08+00:00","breadcrumb":{"@id":"https:\/\/nutriznutricao.com.br\/?page_id=141#breadcrumb"},"inLanguage":"pt-BR","potentialAction":[{"@type":"ReadAction","target":["https:\/\/nutriznutricao.com.br\/?page_id=141"]}]},{"@type":"ImageObject","inLanguage":"pt-BR","@id":"https:\/\/nutriznutricao.com.br\/?page_id=141#primaryimage","url":"http:\/\/nutriznutricao.com.br\/wp-content\/uploads\/2022\/09\/Suinos_crescimento_NUtriz.webp","contentUrl":"http:\/\/nutriznutricao.com.br\/wp-content\/uploads\/2022\/09\/Suinos_crescimento_NUtriz.webp"},{"@type":"BreadcrumbList","@id":"https:\/\/nutriznutricao.com.br\/?page_id=141#breadcrumb","itemListElement":[{"@type":"ListItem","position":1,"name":"In\u00edcio","item":"https:\/\/nutriznutricao.com.br\/"},{"@type":"ListItem","position":2,"name":"Linha Su\u00ednos"}]},{"@type":"WebSite","@id":"https:\/\/nutriznutricao.com.br\/#website","url":"https:\/\/nutriznutricao.com.br\/","name":"Nutriz","description":"Nutri\u00e7\u00e3o Animal","publisher":{"@id":"https:\/\/nutriznutricao.com.br\/#organization"},"potentialAction":[{"@type":"SearchAction","target":{"@type":"EntryPoint","urlTemplate":"https:\/\/nutriznutricao.com.br\/?s={search_term_string}"},"query-input":{"@type":"PropertyValueSpecification","valueRequired":true,"valueName":"search_term_string"}}],"inLanguage":"pt-BR"},{"@type":"Organization","@id":"https:\/\/nutriznutricao.com.br\/#organization","name":"Nutriz Nutri\u00e7\u00e3o Animal","url":"https:\/\/nutriznutricao.com.br\/","logo":{"@type":"ImageObject","inLanguage":"pt-BR","@id":"https:\/\/nutriznutricao.com.br\/#\/schema\/logo\/image\/","url":"https:\/\/nutriznutricao.com.br\/wp-content\/uploads\/2022\/08\/Nutriz_Nutricao.webp","contentUrl":"https:\/\/nutriznutricao.com.br\/wp-content\/uploads\/2022\/08\/Nutriz_Nutricao.webp","width":298,"height":150,"caption":"Nutriz Nutri\u00e7\u00e3o Animal"},"image":{"@id":"https:\/\/nutriznutricao.com.br\/#\/schema\/logo\/image\/"}}]}},"_links":{"self":[{"href":"https:\/\/nutriznutricao.com.br\/index.php?rest_route=\/wp\/v2\/pages\/141","targetHints":{"allow":["GET"]}}],"collection":[{"href":"https:\/\/nutriznutricao.com.br\/index.php?rest_route=\/wp\/v2\/pages"}],"about":[{"href":"https:\/\/nutriznutricao.com.br\/index.php?rest_route=\/wp\/v2\/types\/page"}],"author":[{"embeddable":true,"href":"https:\/\/nutriznutricao.com.br\/index.php?rest_route=\/wp\/v2\/users\/1"}],"replies":[{"embeddable":true,"href":"https:\/\/nutriznutricao.com.br\/index.php?rest_route=%2Fwp%2Fv2%2Fcomments&post=141"}],"version-history":[{"count":19,"href":"https:\/\/nutriznutricao.com.br\/index.php?rest_route=\/wp\/v2\/pages\/141\/revisions"}],"predecessor-version":[{"id":1509,"href":"https:\/\/nutriznutricao.com.br\/index.php?rest_route=\/wp\/v2\/pages\/141\/revisions\/1509"}],"wp:attachment":[{"href":"https:\/\/nutriznutricao.com.br\/index.php?rest_route=%2Fwp%2Fv2%2Fmedia&parent=141"}],"curies":[{"name":"wp","href":"https:\/\/api.w.org\/{rel}","templated":true}]}}