{"id":144,"date":"2020-10-10T14:35:28","date_gmt":"2020-10-10T17:35:28","guid":{"rendered":"https:\/\/nutriznutricao.com.br\/?page_id=144"},"modified":"2022-09-13T20:17:03","modified_gmt":"2022-09-13T23:17:03","slug":"equinos","status":"publish","type":"page","link":"https:\/\/nutriznutricao.com.br\/?page_id=144","title":{"rendered":"Linha Equ\u00ednos"},"content":{"rendered":"\t\t<div data-elementor-type=\"wp-page\" data-elementor-id=\"144\" class=\"elementor elementor-144\" data-elementor-post-type=\"page\">\n\t\t\t\t\t\t<section class=\"elementor-section elementor-top-section elementor-element elementor-element-3ab3bbd0 elementor-section-stretched elementor-section-boxed elementor-section-height-default elementor-section-height-default\" data-id=\"3ab3bbd0\" data-element_type=\"section\" data-e-type=\"section\" data-settings=\"{&quot;stretch_section&quot;:&quot;section-stretched&quot;,&quot;ekit_has_onepagescroll_dot&quot;:&quot;yes&quot;}\">\n\t\t\t\t\t\t<div class=\"elementor-container elementor-column-gap-default\">\n\t\t\t\t\t<div class=\"elementor-column elementor-col-100 elementor-top-column elementor-element elementor-element-2949b137\" data-id=\"2949b137\" data-element_type=\"column\" data-e-type=\"column\">\n\t\t\t<div class=\"elementor-widget-wrap elementor-element-populated\">\n\t\t\t\t\t\t<div class=\"elementor-element elementor-element-90086e5 elementor-view-stacked elementor-shape-square elementor-position-inline-start elementor-mobile-position-inline-start elementor-widget elementor-widget-icon-box\" data-id=\"90086e5\" data-element_type=\"widget\" data-e-type=\"widget\" data-settings=\"{&quot;ekit_we_effect_on&quot;:&quot;none&quot;}\" data-widget_type=\"icon-box.default\">\n\t\t\t\t<div class=\"elementor-widget-container\">\n\t\t\t\t\t\t\t<div class=\"elementor-icon-box-wrapper\">\n\n\t\t\t\t\t\t<div class=\"elementor-icon-box-icon\">\n\t\t\t\t<span  class=\"elementor-icon\">\n\t\t\t\t<svg xmlns=\"http:\/\/www.w3.org\/2000\/svg\" xmlns:xlink=\"http:\/\/www.w3.org\/1999\/xlink\" id=\"Camada_1\" x=\"0px\" y=\"0px\" width=\"250px\" height=\"250px\" viewBox=\"0 0 250 250\" style=\"enable-background:new 0 0 250 250;\" xml:space=\"preserve\"> <style type=\"text\/css\"> .st0{fill:#78853C;} .st1{fill-rule:evenodd;clip-rule:evenodd;fill:#78853C;} <\/style> <path class=\"st0\" d=\"M45.3,94.7c-8.8,25.1-10.7,53.3-32.4,72.4c-2.5-1.3-1.6-2.8-1.2-4c6.4-16.1,9.4-33.2,13.7-49.8 c1.8-6.8,4.5-13.2,7.9-19.4c3.6-6.4,8.8-10.8,15.8-13c16.9-5.2,33.9-7.8,51.6-3.6c5.6,1.3,11.5,1.4,17.3,1.9 c19.1,1.8,34.3-6.7,47.9-18.9c3.3-3,6.7-5.8,10-8.8c10.1-9.3,22.1-12.7,35.5-11c3.5,0.4,6.4,0.2,9.1-2.2c1.5-1.3,3.3-2.8,5.6-0.9 c1.8,1.5,2.8,3.3,1.9,5.5c-1.8,4.1-0.2,7.5,1.6,11.2c4.1,8.6,7.1,17.7,10,26.9c1.5,4.7,0.4,8.5-3.8,10.8c-4.3,2.4-7.8,0.2-10.1-3.4 c-3.6-5.6-9.5-8.1-14.5-11.8c-3.6-2.7-5.9-1.4-8,1.8c-4.6,7.1-8.2,14.7-10.1,22.9c-2.7,12.1-5.5,24-14.3,33.7c-2.8,3.1-2.5,7.9-3,12 c-2,15.7-2.9,31.5-2.3,47.4c0.1,3.7,0.9,7.4,2.3,10.9c1,2.4,3.4,5.5-1,6.8c-3.9,1.2-7.7,0.6-8.6-4.4c-0.7-3.9-0.6-7.9-1-11.8 c-0.8-8.1-1.7-16.2-2.8-24.3c-0.6,12.1-5.2,24.1-0.4,36.3c0.9,2.3,0,4.3-2.8,4.5c-3,0.3-6.4,0.7-7.5-3.2c-0.5-2-0.3-4.2-0.3-6.3 c0.1-18.4,0.1-36.8,0.5-55.3c0.1-5.4-1.7-7.5-7.2-7.4c-15.9,0.2-31.7-1.1-47.1-5.4c-3.5-1-5.6,0-7.5,3c-2.2,3.5-4.6,7.4-7.8,9.8 c-14.9,11.2-17.5,27.3-18.1,44.2c-0.2,4.6-0.7,9.3,1.1,13.8c1.1,2.6,2.4,5.7-2,6.5c-3.7,0.7-7.9,1-8.9-4.1c-0.5-2.7-0.3-5.6,0-8.3 c1.3-13.5,0.8-26.9,0.7-41.2c-3.1,1.6-4.2,4-5,6.2c-4.5,13.7-8.9,27.5-5.7,42.3c0.7,3.1-0.1,5.2-3.5,5.3c-3.7,0.1-8.2,0.6-8.1-5 c0-4.9,0.7-9.7,1.4-14.6c1.4-9.7,2.5-19.4,2.6-29.2c0.1-4.8,1.5-9.3,3.6-13.4c5.3-10.4,6.6-21.3,4.5-32.6 C43.5,110,43.6,102.4,45.3,94.7z\"><\/path> <\/svg>\t\t\t\t<\/span>\n\t\t\t<\/div>\n\t\t\t\n\t\t\t\t\t\t<div class=\"elementor-icon-box-content\">\n\n\t\t\t\t\t\t\t\t\t<h3 class=\"elementor-icon-box-title\">\n\t\t\t\t\t\t<span  >\n\t\t\t\t\t\t\tLinha Equinos\t\t\t\t\t\t<\/span>\n\t\t\t\t\t<\/h3>\n\t\t\t\t\n\t\t\t\t\n\t\t\t<\/div>\n\t\t\t\n\t\t<\/div>\n\t\t\t\t\t\t<\/div>\n\t\t\t\t<\/div>\n\t\t\t\t\t<\/div>\n\t\t<\/div>\n\t\t\t\t\t<\/div>\n\t\t<\/section>\n\t\t\t\t<section class=\"elementor-section elementor-top-section elementor-element elementor-element-53328324 elementor-section-boxed elementor-section-height-default elementor-section-height-default\" data-id=\"53328324\" data-element_type=\"section\" data-e-type=\"section\" data-settings=\"{&quot;ekit_has_onepagescroll_dot&quot;:&quot;yes&quot;}\">\n\t\t\t\t\t\t<div class=\"elementor-container elementor-column-gap-default\">\n\t\t\t\t\t<div class=\"elementor-column elementor-col-100 elementor-top-column elementor-element elementor-element-406a667e\" data-id=\"406a667e\" data-element_type=\"column\" data-e-type=\"column\">\n\t\t\t<div class=\"elementor-widget-wrap elementor-element-populated\">\n\t\t\t\t\t\t<div class=\"elementor-element elementor-element-72aee851 elementor-widget elementor-widget-elementskit-blog-posts\" data-id=\"72aee851\" data-element_type=\"widget\" data-e-type=\"widget\" data-settings=\"{&quot;ekit_we_effect_on&quot;:&quot;none&quot;}\" data-widget_type=\"elementskit-blog-posts.default\">\n\t\t\t\t<div class=\"elementor-widget-container\">\n\t\t\t\t\t<div class=\"ekit-wid-con\" >\n        <div id=\"post-items--72aee851\" class=\"row post-items ekit-blog-posts-content\" data-enable=\"no\">\n\n\t\t\t<!-- Blog Carousel markup render -->\n\t\t\t\n\n            <div class=\"col-md-12\">\n\n                                    <div class=\"elementskit-blog-block-post\">\n                        <div class=\"row no-gutters\">\n                                                            <div class=\"col-md-6 order-1\">\n                                    <a href=\"https:\/\/nutriznutricao.com.br\/?p=900\" class=\"elementskit-entry-thumb\">\n                                        <img decoding=\"async\" src=\"https:\/\/nutriznutricao.com.br\/wp-content\/uploads\/2022\/09\/Equinos_Trabalho_Nutriz.jpg\" alt=\"Equ\u00ednos Trabalho\">\n                                    <\/a><!-- .elementskit-entry-thumb END -->\n                                <\/div>\n                            \n                            <div class=\"col-md-6 order-2\">\n                                <div class=\"elementskit-post-body \">\n                                    <div class=\"elementskit-entry-header\">\n                                        \n                                                                                                                                        \n                                            \n                                                                                                            <h2 class=\"entry-title\">\n                    <a href=\"https:\/\/nutriznutricao.com.br\/?p=900\">\n                            Equ\u00ednos Trabalho                    <\/a>\n                <\/h2>\n                                                                                                <\/div><!-- .elementskit-entry-header END -->\n\n                                                                            <div class=\"elementskit-post-footer\">\n                                                                                            <p>Equ\u00ednos Trabalho Equinos com maior exig\u00eancia nutricional Alto vigor Desempenho superior em trabalhos for\u00e7ados Equinos adultos em regime de trabalho COMPRAR Equinos peso l\u00edquido 30 kg Indica\u00e7\u00e3o Ra\u00e7\u00e3o de pronto uso indicada para suprir exig\u00eancias nutricionais de equinos adultos em regime de trabalho. Composi\u00e7\u00e3o b\u00e1sica Milho integral mo\u00eddo (Bacillus thuringiensis, Streptomices viridochromogenes), Farelo de soja [&hellip;] <\/p>\n                                                                                                                                <\/div><!-- .elementskit-post-footer END -->\n                                                                    <\/div><!-- .elementskit-post-body END -->\n                            <\/div>\n                        <\/div>\n                    <\/div><!-- .elementskit-blog-block-post .radius .gradient-bg END -->\n                \n            <\/div>\t\t\t\t        <\/div>\n        \n        \n        <\/div>\t\t\t\t<\/div>\n\t\t\t\t<\/div>\n\t\t\t\t<div class=\"elementor-element elementor-element-65bd7594 elementor-align-center elementor-widget elementor-widget-button\" data-id=\"65bd7594\" data-element_type=\"widget\" data-e-type=\"widget\" data-settings=\"{&quot;ekit_we_effect_on&quot;:&quot;none&quot;}\" data-widget_type=\"button.default\">\n\t\t\t\t<div class=\"elementor-widget-container\">\n\t\t\t\t\t\t\t\t\t<div class=\"elementor-button-wrapper\">\n\t\t\t\t\t<a class=\"elementor-button elementor-button-link elementor-size-sm\" href=\"https:\/\/wa.me\/message\/SAX3MRPOM5PKD1\">\n\t\t\t\t\t\t<span class=\"elementor-button-content-wrapper\">\n\t\t\t\t\t\t\t\t\t<span class=\"elementor-button-text\">MAIS INFORMA\u00c7\u00d5ES ENTRE  EM CONTATO<\/span>\n\t\t\t\t\t<\/span>\n\t\t\t\t\t<\/a>\n\t\t\t\t<\/div>\n\t\t\t\t\t\t\t\t<\/div>\n\t\t\t\t<\/div>\n\t\t\t\t\t<\/div>\n\t\t<\/div>\n\t\t\t\t\t<\/div>\n\t\t<\/section>\n\t\t\t\t<\/div>\n\t\t","protected":false},"excerpt":{"rendered":"<p>Linha Equinos Equ\u00ednos Trabalho Equ\u00ednos Trabalho Equinos com maior exig\u00eancia nutricional Alto vigor Desempenho superior em trabalhos for\u00e7ados Equinos adultos em regime de trabalho COMPRAR Equinos peso l\u00edquido 40 KG Indica\u00e7\u00e3o Ra\u00e7\u00e3o de pronto uso indicada para suprir exig\u00eancias nutricionais de equinos adultos em regime de trabalho. Composi\u00e7\u00e3o b\u00e1sica Milho integral mo\u00eddo (Bacillus thuringiensis, Streptomices [&hellip;] <\/p>\n","protected":false},"author":1,"featured_media":0,"parent":0,"menu_order":0,"comment_status":"closed","ping_status":"closed","template":"elementor_header_footer","meta":{"inline_featured_image":false,"footnotes":""},"class_list":["post-144","page","type-page","status-publish","hentry"],"yoast_head":"<!-- This site is optimized with the Yoast SEO plugin v27.4 - https:\/\/yoast.com\/product\/yoast-seo-wordpress\/ -->\n<title>Linha Equ\u00ednos - Nutriz<\/title>\n<meta name=\"robots\" content=\"index, follow, max-snippet:-1, max-image-preview:large, max-video-preview:-1\" \/>\n<link rel=\"canonical\" href=\"https:\/\/nutriznutricao.com.br\/?page_id=144\" \/>\n<meta property=\"og:locale\" content=\"pt_BR\" \/>\n<meta property=\"og:type\" content=\"article\" \/>\n<meta property=\"og:title\" content=\"Linha Equ\u00ednos - Nutriz\" \/>\n<meta property=\"og:description\" content=\"Linha Equinos Equ\u00ednos Trabalho Equ\u00ednos Trabalho Equinos com maior exig\u00eancia nutricional Alto vigor Desempenho superior em trabalhos for\u00e7ados Equinos adultos em regime de trabalho COMPRAR Equinos peso l\u00edquido 40 KG Indica\u00e7\u00e3o Ra\u00e7\u00e3o de pronto uso indicada para suprir exig\u00eancias nutricionais de equinos adultos em regime de trabalho. Composi\u00e7\u00e3o b\u00e1sica Milho integral mo\u00eddo (Bacillus thuringiensis, Streptomices [&hellip;]\" \/>\n<meta property=\"og:url\" content=\"https:\/\/nutriznutricao.com.br\/?page_id=144\" \/>\n<meta property=\"og:site_name\" content=\"Nutriz\" \/>\n<meta property=\"article:modified_time\" content=\"2022-09-13T23:17:03+00:00\" \/>\n<meta property=\"og:image\" content=\"http:\/\/nutriznutricao.com.br\/wp-content\/uploads\/2022\/09\/Equinos_Trabalho_Nutriz.jpg\" \/>\n<meta name=\"twitter:card\" content=\"summary_large_image\" \/>\n<meta name=\"twitter:label1\" content=\"Est. tempo de leitura\" \/>\n\t<meta name=\"twitter:data1\" content=\"1 minuto\" \/>\n<script type=\"application\/ld+json\" class=\"yoast-schema-graph\">{\"@context\":\"https:\\\/\\\/schema.org\",\"@graph\":[{\"@type\":\"WebPage\",\"@id\":\"https:\\\/\\\/nutriznutricao.com.br\\\/?page_id=144\",\"url\":\"https:\\\/\\\/nutriznutricao.com.br\\\/?page_id=144\",\"name\":\"Linha Equ\u00ednos - Nutriz\",\"isPartOf\":{\"@id\":\"https:\\\/\\\/nutriznutricao.com.br\\\/#website\"},\"primaryImageOfPage\":{\"@id\":\"https:\\\/\\\/nutriznutricao.com.br\\\/?page_id=144#primaryimage\"},\"image\":{\"@id\":\"https:\\\/\\\/nutriznutricao.com.br\\\/?page_id=144#primaryimage\"},\"thumbnailUrl\":\"http:\\\/\\\/nutriznutricao.com.br\\\/wp-content\\\/uploads\\\/2022\\\/09\\\/Equinos_Trabalho_Nutriz.jpg\",\"datePublished\":\"2020-10-10T17:35:28+00:00\",\"dateModified\":\"2022-09-13T23:17:03+00:00\",\"breadcrumb\":{\"@id\":\"https:\\\/\\\/nutriznutricao.com.br\\\/?page_id=144#breadcrumb\"},\"inLanguage\":\"pt-BR\",\"potentialAction\":[{\"@type\":\"ReadAction\",\"target\":[\"https:\\\/\\\/nutriznutricao.com.br\\\/?page_id=144\"]}]},{\"@type\":\"ImageObject\",\"inLanguage\":\"pt-BR\",\"@id\":\"https:\\\/\\\/nutriznutricao.com.br\\\/?page_id=144#primaryimage\",\"url\":\"http:\\\/\\\/nutriznutricao.com.br\\\/wp-content\\\/uploads\\\/2022\\\/09\\\/Equinos_Trabalho_Nutriz.jpg\",\"contentUrl\":\"http:\\\/\\\/nutriznutricao.com.br\\\/wp-content\\\/uploads\\\/2022\\\/09\\\/Equinos_Trabalho_Nutriz.jpg\"},{\"@type\":\"BreadcrumbList\",\"@id\":\"https:\\\/\\\/nutriznutricao.com.br\\\/?page_id=144#breadcrumb\",\"itemListElement\":[{\"@type\":\"ListItem\",\"position\":1,\"name\":\"In\u00edcio\",\"item\":\"https:\\\/\\\/nutriznutricao.com.br\\\/\"},{\"@type\":\"ListItem\",\"position\":2,\"name\":\"Linha Equ\u00ednos\"}]},{\"@type\":\"WebSite\",\"@id\":\"https:\\\/\\\/nutriznutricao.com.br\\\/#website\",\"url\":\"https:\\\/\\\/nutriznutricao.com.br\\\/\",\"name\":\"Nutriz\",\"description\":\"Nutri\u00e7\u00e3o Animal\",\"publisher\":{\"@id\":\"https:\\\/\\\/nutriznutricao.com.br\\\/#organization\"},\"potentialAction\":[{\"@type\":\"SearchAction\",\"target\":{\"@type\":\"EntryPoint\",\"urlTemplate\":\"https:\\\/\\\/nutriznutricao.com.br\\\/?s={search_term_string}\"},\"query-input\":{\"@type\":\"PropertyValueSpecification\",\"valueRequired\":true,\"valueName\":\"search_term_string\"}}],\"inLanguage\":\"pt-BR\"},{\"@type\":\"Organization\",\"@id\":\"https:\\\/\\\/nutriznutricao.com.br\\\/#organization\",\"name\":\"Nutriz Nutri\u00e7\u00e3o Animal\",\"url\":\"https:\\\/\\\/nutriznutricao.com.br\\\/\",\"logo\":{\"@type\":\"ImageObject\",\"inLanguage\":\"pt-BR\",\"@id\":\"https:\\\/\\\/nutriznutricao.com.br\\\/#\\\/schema\\\/logo\\\/image\\\/\",\"url\":\"https:\\\/\\\/nutriznutricao.com.br\\\/wp-content\\\/uploads\\\/2022\\\/08\\\/Nutriz_Nutricao.webp\",\"contentUrl\":\"https:\\\/\\\/nutriznutricao.com.br\\\/wp-content\\\/uploads\\\/2022\\\/08\\\/Nutriz_Nutricao.webp\",\"width\":298,\"height\":150,\"caption\":\"Nutriz Nutri\u00e7\u00e3o Animal\"},\"image\":{\"@id\":\"https:\\\/\\\/nutriznutricao.com.br\\\/#\\\/schema\\\/logo\\\/image\\\/\"}}]}<\/script>\n<!-- \/ Yoast SEO plugin. -->","yoast_head_json":{"title":"Linha Equ\u00ednos - Nutriz","robots":{"index":"index","follow":"follow","max-snippet":"max-snippet:-1","max-image-preview":"max-image-preview:large","max-video-preview":"max-video-preview:-1"},"canonical":"https:\/\/nutriznutricao.com.br\/?page_id=144","og_locale":"pt_BR","og_type":"article","og_title":"Linha Equ\u00ednos - Nutriz","og_description":"Linha Equinos Equ\u00ednos Trabalho Equ\u00ednos Trabalho Equinos com maior exig\u00eancia nutricional Alto vigor Desempenho superior em trabalhos for\u00e7ados Equinos adultos em regime de trabalho COMPRAR Equinos peso l\u00edquido 40 KG Indica\u00e7\u00e3o Ra\u00e7\u00e3o de pronto uso indicada para suprir exig\u00eancias nutricionais de equinos adultos em regime de trabalho. Composi\u00e7\u00e3o b\u00e1sica Milho integral mo\u00eddo (Bacillus thuringiensis, Streptomices [&hellip;]","og_url":"https:\/\/nutriznutricao.com.br\/?page_id=144","og_site_name":"Nutriz","article_modified_time":"2022-09-13T23:17:03+00:00","og_image":[{"url":"http:\/\/nutriznutricao.com.br\/wp-content\/uploads\/2022\/09\/Equinos_Trabalho_Nutriz.jpg","type":"","width":"","height":""}],"twitter_card":"summary_large_image","twitter_misc":{"Est. tempo de leitura":"1 minuto"},"schema":{"@context":"https:\/\/schema.org","@graph":[{"@type":"WebPage","@id":"https:\/\/nutriznutricao.com.br\/?page_id=144","url":"https:\/\/nutriznutricao.com.br\/?page_id=144","name":"Linha Equ\u00ednos - Nutriz","isPartOf":{"@id":"https:\/\/nutriznutricao.com.br\/#website"},"primaryImageOfPage":{"@id":"https:\/\/nutriznutricao.com.br\/?page_id=144#primaryimage"},"image":{"@id":"https:\/\/nutriznutricao.com.br\/?page_id=144#primaryimage"},"thumbnailUrl":"http:\/\/nutriznutricao.com.br\/wp-content\/uploads\/2022\/09\/Equinos_Trabalho_Nutriz.jpg","datePublished":"2020-10-10T17:35:28+00:00","dateModified":"2022-09-13T23:17:03+00:00","breadcrumb":{"@id":"https:\/\/nutriznutricao.com.br\/?page_id=144#breadcrumb"},"inLanguage":"pt-BR","potentialAction":[{"@type":"ReadAction","target":["https:\/\/nutriznutricao.com.br\/?page_id=144"]}]},{"@type":"ImageObject","inLanguage":"pt-BR","@id":"https:\/\/nutriznutricao.com.br\/?page_id=144#primaryimage","url":"http:\/\/nutriznutricao.com.br\/wp-content\/uploads\/2022\/09\/Equinos_Trabalho_Nutriz.jpg","contentUrl":"http:\/\/nutriznutricao.com.br\/wp-content\/uploads\/2022\/09\/Equinos_Trabalho_Nutriz.jpg"},{"@type":"BreadcrumbList","@id":"https:\/\/nutriznutricao.com.br\/?page_id=144#breadcrumb","itemListElement":[{"@type":"ListItem","position":1,"name":"In\u00edcio","item":"https:\/\/nutriznutricao.com.br\/"},{"@type":"ListItem","position":2,"name":"Linha Equ\u00ednos"}]},{"@type":"WebSite","@id":"https:\/\/nutriznutricao.com.br\/#website","url":"https:\/\/nutriznutricao.com.br\/","name":"Nutriz","description":"Nutri\u00e7\u00e3o Animal","publisher":{"@id":"https:\/\/nutriznutricao.com.br\/#organization"},"potentialAction":[{"@type":"SearchAction","target":{"@type":"EntryPoint","urlTemplate":"https:\/\/nutriznutricao.com.br\/?s={search_term_string}"},"query-input":{"@type":"PropertyValueSpecification","valueRequired":true,"valueName":"search_term_string"}}],"inLanguage":"pt-BR"},{"@type":"Organization","@id":"https:\/\/nutriznutricao.com.br\/#organization","name":"Nutriz Nutri\u00e7\u00e3o Animal","url":"https:\/\/nutriznutricao.com.br\/","logo":{"@type":"ImageObject","inLanguage":"pt-BR","@id":"https:\/\/nutriznutricao.com.br\/#\/schema\/logo\/image\/","url":"https:\/\/nutriznutricao.com.br\/wp-content\/uploads\/2022\/08\/Nutriz_Nutricao.webp","contentUrl":"https:\/\/nutriznutricao.com.br\/wp-content\/uploads\/2022\/08\/Nutriz_Nutricao.webp","width":298,"height":150,"caption":"Nutriz Nutri\u00e7\u00e3o Animal"},"image":{"@id":"https:\/\/nutriznutricao.com.br\/#\/schema\/logo\/image\/"}}]}},"_links":{"self":[{"href":"https:\/\/nutriznutricao.com.br\/index.php?rest_route=\/wp\/v2\/pages\/144","targetHints":{"allow":["GET"]}}],"collection":[{"href":"https:\/\/nutriznutricao.com.br\/index.php?rest_route=\/wp\/v2\/pages"}],"about":[{"href":"https:\/\/nutriznutricao.com.br\/index.php?rest_route=\/wp\/v2\/types\/page"}],"author":[{"embeddable":true,"href":"https:\/\/nutriznutricao.com.br\/index.php?rest_route=\/wp\/v2\/users\/1"}],"replies":[{"embeddable":true,"href":"https:\/\/nutriznutricao.com.br\/index.php?rest_route=%2Fwp%2Fv2%2Fcomments&post=144"}],"version-history":[{"count":10,"href":"https:\/\/nutriznutricao.com.br\/index.php?rest_route=\/wp\/v2\/pages\/144\/revisions"}],"predecessor-version":[{"id":1546,"href":"https:\/\/nutriznutricao.com.br\/index.php?rest_route=\/wp\/v2\/pages\/144\/revisions\/1546"}],"wp:attachment":[{"href":"https:\/\/nutriznutricao.com.br\/index.php?rest_route=%2Fwp%2Fv2%2Fmedia&parent=144"}],"curies":[{"name":"wp","href":"https:\/\/api.w.org\/{rel}","templated":true}]}}